{"id":694,"date":"2022-10-05T05:07:29","date_gmt":"2022-10-05T05:07:29","guid":{"rendered":"https:\/\/hungry-tereshkova.178-20-101-54.plesk.page\/?page_id=694"},"modified":"2022-10-05T07:11:44","modified_gmt":"2022-10-05T07:11:44","slug":"impressum","status":"publish","type":"page","link":"https:\/\/apartment-innsbruck.tirol\/en\/impressum\/","title":{"rendered":"Legal Notice"},"content":{"rendered":"\t\t<div data-elementor-type=\"wp-post\" data-elementor-id=\"694\" class=\"elementor elementor-694\">\n\t\t\t\t\t\t<section class=\"elementor-section elementor-top-section elementor-element elementor-element-97af178 elementor-section-height-full elementor-section-boxed elementor-section-height-default elementor-section-items-middle\" data-id=\"97af178\" data-element_type=\"section\" data-e-type=\"section\" data-settings=\"{&quot;background_background&quot;:&quot;slideshow&quot;,&quot;background_slideshow_gallery&quot;:[{&quot;id&quot;:712,&quot;url&quot;:&quot;https:\\\/\\\/apartment-innsbruck.tirol\\\/wp-content\\\/uploads\\\/2022\\\/10\\\/Andreas-Hofer-Strasse_Innsbruck_Winter13.jpg&quot;}],&quot;background_slideshow_loop&quot;:&quot;yes&quot;,&quot;background_slideshow_slide_duration&quot;:5000,&quot;background_slideshow_slide_transition&quot;:&quot;fade&quot;,&quot;background_slideshow_transition_duration&quot;:500}\">\n\t\t\t\t\t\t<div class=\"elementor-container elementor-column-gap-default\">\n\t\t\t\t\t<div class=\"elementor-column elementor-col-100 elementor-top-column elementor-element elementor-element-d456535\" data-id=\"d456535\" data-element_type=\"column\" data-e-type=\"column\">\n\t\t\t<div class=\"elementor-widget-wrap elementor-element-populated\">\n\t\t\t\t\t\t<div class=\"elementor-element elementor-element-fb9c71d elementor-widget elementor-widget-spacer\" data-id=\"fb9c71d\" data-element_type=\"widget\" data-e-type=\"widget\" data-widget_type=\"spacer.default\">\n\t\t\t\t<div class=\"elementor-widget-container\">\n\t\t\t\t\t\t\t<div class=\"elementor-spacer\">\n\t\t\t<div class=\"elementor-spacer-inner\"><\/div>\n\t\t<\/div>\n\t\t\t\t\t\t<\/div>\n\t\t\t\t<\/div>\n\t\t\t\t<div class=\"elementor-element elementor-element-e49c3cf elementor-widget elementor-widget-heading\" data-id=\"e49c3cf\" data-element_type=\"widget\" data-e-type=\"widget\" data-widget_type=\"heading.default\">\n\t\t\t\t<div class=\"elementor-widget-container\">\n\t\t\t\t\t<h1 class=\"elementor-heading-title elementor-size-default\">Impressum<\/h1>\t\t\t\t<\/div>\n\t\t\t\t<\/div>\n\t\t\t\t<div class=\"elementor-element elementor-element-99ddef3 elementor-widget elementor-widget-spacer\" data-id=\"99ddef3\" data-element_type=\"widget\" data-e-type=\"widget\" data-widget_type=\"spacer.default\">\n\t\t\t\t<div class=\"elementor-widget-container\">\n\t\t\t\t\t\t\t<div class=\"elementor-spacer\">\n\t\t\t<div class=\"elementor-spacer-inner\"><\/div>\n\t\t<\/div>\n\t\t\t\t\t\t<\/div>\n\t\t\t\t<\/div>\n\t\t\t\t\t<\/div>\n\t\t<\/div>\n\t\t\t\t\t<\/div>\n\t\t<\/section>\n\t\t\t\t<section class=\"elementor-section elementor-top-section elementor-element elementor-element-3964082 elementor-section-boxed elementor-section-height-default elementor-section-height-default\" data-id=\"3964082\" data-element_type=\"section\" data-e-type=\"section\" data-settings=\"{&quot;background_background&quot;:&quot;classic&quot;}\">\n\t\t\t\t\t\t<div class=\"elementor-container elementor-column-gap-default\">\n\t\t\t\t\t<div class=\"elementor-column elementor-col-100 elementor-top-column elementor-element elementor-element-6e24104\" data-id=\"6e24104\" data-element_type=\"column\" data-e-type=\"column\">\n\t\t\t<div class=\"elementor-widget-wrap elementor-element-populated\">\n\t\t\t\t\t\t<section class=\"elementor-section elementor-inner-section elementor-element elementor-element-b6881b7 elementor-section-boxed elementor-section-height-default elementor-section-height-default\" data-id=\"b6881b7\" data-element_type=\"section\" data-e-type=\"section\">\n\t\t\t\t\t\t<div class=\"elementor-container elementor-column-gap-default\">\n\t\t\t\t\t<div class=\"elementor-column elementor-col-50 elementor-inner-column elementor-element elementor-element-c2a36d4\" data-id=\"c2a36d4\" data-element_type=\"column\" data-e-type=\"column\">\n\t\t\t<div class=\"elementor-widget-wrap elementor-element-populated\">\n\t\t\t\t\t\t<div class=\"elementor-element elementor-element-1e81bda elementor-invisible elementor-widget elementor-widget-text-editor\" data-id=\"1e81bda\" data-element_type=\"widget\" data-e-type=\"widget\" data-settings=\"{&quot;_animation&quot;:&quot;fadeInUp&quot;,&quot;_animation_delay&quot;:400}\" data-widget_type=\"text-editor.default\">\n\t\t\t\t<div class=\"elementor-widget-container\">\n\t\t\t\t\t\t\t\t\t<p><strong>Schweinberger Vermietung GmbH<\/strong><\/p><p>M\u00fcnchner Stra\u00dfe 15<br \/>6130 Schwaz<br \/>ATU 74652903<br \/>FN 51801v<\/p><p>booking@3sd.at<\/p>\t\t\t\t\t\t\t\t<\/div>\n\t\t\t\t<\/div>\n\t\t\t\t<div class=\"elementor-element elementor-element-448acad elementor-widget-divider--view-line elementor-widget elementor-widget-divider\" data-id=\"448acad\" data-element_type=\"widget\" data-e-type=\"widget\" data-widget_type=\"divider.default\">\n\t\t\t\t<div class=\"elementor-widget-container\">\n\t\t\t\t\t\t\t<div class=\"elementor-divider\">\n\t\t\t<span class=\"elementor-divider-separator\">\n\t\t\t\t\t\t<\/span>\n\t\t<\/div>\n\t\t\t\t\t\t<\/div>\n\t\t\t\t<\/div>\n\t\t\t\t<div class=\"elementor-element elementor-element-e0ec02c elementor-invisible elementor-widget elementor-widget-text-editor\" data-id=\"e0ec02c\" data-element_type=\"widget\" data-e-type=\"widget\" data-settings=\"{&quot;_animation&quot;:&quot;fadeInUp&quot;,&quot;_animation_delay&quot;:400}\" data-widget_type=\"text-editor.default\">\n\t\t\t\t<div class=\"elementor-widget-container\">\n\t\t\t\t\t\t\t\t\t<p><strong>Apartment Innsbruck<\/strong><\/p><p>Andreas-Hofer-Stra\u00dfe 9<br \/>6020 Innsbruck<\/p><p>+43 5242 93030-80<\/p>\t\t\t\t\t\t\t\t<\/div>\n\t\t\t\t<\/div>\n\t\t\t\t\t<\/div>\n\t\t<\/div>\n\t\t\t\t<div class=\"elementor-column elementor-col-50 elementor-inner-column elementor-element elementor-element-485a1ff\" data-id=\"485a1ff\" data-element_type=\"column\" data-e-type=\"column\">\n\t\t\t<div class=\"elementor-widget-wrap elementor-element-populated\">\n\t\t\t\t\t\t<div class=\"elementor-element elementor-element-029b8de elementor-widget elementor-widget-spacer\" data-id=\"029b8de\" data-element_type=\"widget\" data-e-type=\"widget\" data-widget_type=\"spacer.default\">\n\t\t\t\t<div class=\"elementor-widget-container\">\n\t\t\t\t\t\t\t<div class=\"elementor-spacer\">\n\t\t\t<div class=\"elementor-spacer-inner\"><\/div>\n\t\t<\/div>\n\t\t\t\t\t\t<\/div>\n\t\t\t\t<\/div>\n\t\t\t\t<div class=\"elementor-element elementor-element-75577af elementor-widget elementor-widget-image\" data-id=\"75577af\" data-element_type=\"widget\" data-e-type=\"widget\" data-widget_type=\"image.default\">\n\t\t\t\t<div class=\"elementor-widget-container\">\n\t\t\t\t\t\t\t\t\t\t\t\t\t\t\t<img fetchpriority=\"high\" decoding=\"async\" width=\"800\" height=\"450\" src=\"https:\/\/apartment-innsbruck.tirol\/wp-content\/uploads\/2022\/10\/Andreas-Hofer-Strasse_Innsbruck_Winter12-1024x576.jpg\" class=\"attachment-large size-large wp-image-700\" alt=\"\" srcset=\"https:\/\/apartment-innsbruck.tirol\/wp-content\/uploads\/2022\/10\/Andreas-Hofer-Strasse_Innsbruck_Winter12-1024x576.jpg 1024w, https:\/\/apartment-innsbruck.tirol\/wp-content\/uploads\/2022\/10\/Andreas-Hofer-Strasse_Innsbruck_Winter12-300x169.jpg 300w, https:\/\/apartment-innsbruck.tirol\/wp-content\/uploads\/2022\/10\/Andreas-Hofer-Strasse_Innsbruck_Winter12-768x432.jpg 768w, https:\/\/apartment-innsbruck.tirol\/wp-content\/uploads\/2022\/10\/Andreas-Hofer-Strasse_Innsbruck_Winter12.jpg 1366w\" sizes=\"(max-width: 800px) 100vw, 800px\" \/>\t\t\t\t\t\t\t\t\t\t\t\t\t\t\t<\/div>\n\t\t\t\t<\/div>\n\t\t\t\t\t<\/div>\n\t\t<\/div>\n\t\t\t\t\t<\/div>\n\t\t<\/section>\n\t\t\t\t<div class=\"elementor-element elementor-element-96addae elementor-widget elementor-widget-spacer\" data-id=\"96addae\" data-element_type=\"widget\" data-e-type=\"widget\" data-widget_type=\"spacer.default\">\n\t\t\t\t<div class=\"elementor-widget-container\">\n\t\t\t\t\t\t\t<div class=\"elementor-spacer\">\n\t\t\t<div class=\"elementor-spacer-inner\"><\/div>\n\t\t<\/div>\n\t\t\t\t\t\t<\/div>\n\t\t\t\t<\/div>\n\t\t\t\t\t<\/div>\n\t\t<\/div>\n\t\t\t\t\t<\/div>\n\t\t<\/section>\n\t\t\t\t<section class=\"elementor-section elementor-top-section elementor-element elementor-element-bbabe9a elementor-reverse-mobile elementor-section-boxed elementor-section-height-default elementor-section-height-default\" data-id=\"bbabe9a\" data-element_type=\"section\" data-e-type=\"section\" data-settings=\"{&quot;background_background&quot;:&quot;classic&quot;}\">\n\t\t\t\t\t\t<div class=\"elementor-container elementor-column-gap-default\">\n\t\t\t\t\t<div class=\"elementor-column elementor-col-100 elementor-top-column elementor-element elementor-element-504d5d2\" data-id=\"504d5d2\" data-element_type=\"column\" data-e-type=\"column\">\n\t\t\t<div class=\"elementor-widget-wrap elementor-element-populated\">\n\t\t\t\t\t\t<div class=\"elementor-element elementor-element-a47d11f elementor-invisible elementor-widget elementor-widget-text-editor\" data-id=\"a47d11f\" data-element_type=\"widget\" data-e-type=\"widget\" data-settings=\"{&quot;_animation&quot;:&quot;fadeInUp&quot;,&quot;_animation_delay&quot;:400}\" data-widget_type=\"text-editor.default\">\n\t\t\t\t<div class=\"elementor-widget-container\">\n\t\t\t\t\t\t\t\t\t<p><strong><span style=\"color: #000000; font-size: 17px; letter-spacing: 0.51px; text-align: justify;\">\u00a9 <\/span>Bilder<\/strong><br \/><span style=\"color: #000000; font-size: 17px; letter-spacing: 0.51px; text-align: justify;\">\u00a9 <\/span>UNSPLASH<\/p><p>\u00a0<\/p><p><strong>Umsetzung der Webseite<\/strong><br \/><span style=\"color: #000000; font-size: 17px; letter-spacing: 0.51px; text-align: justify;\">\u00a9 <\/span>3S Marketing, 6130 Schwaz<br \/>Kontakt: +43 5242 93030-30<\/p>\t\t\t\t\t\t\t\t<\/div>\n\t\t\t\t<\/div>\n\t\t\t\t\t<\/div>\n\t\t<\/div>\n\t\t\t\t\t<\/div>\n\t\t<\/section>\n\t\t\t\t<\/div>\n\t\t","protected":false},"excerpt":{"rendered":"<p>Impressum Schweinberger Vermietung GmbH M\u00fcnchner Stra\u00dfe 156130 SchwazATU 74652903FN 51801v booking@3sd.at Apartment Innsbruck Andreas-Hofer-Stra\u00dfe 96020 Innsbruck +43 5242 93030-80 \u00a9 Bilder\u00a9 UNSPLASH \u00a0 Umsetzung der Webseite\u00a9 3S Marketing, 6130 SchwazKontakt: +43 5242 93030-30<\/p>","protected":false},"author":1,"featured_media":0,"parent":0,"menu_order":0,"comment_status":"closed","ping_status":"closed","template":"","meta":{"iawp_total_views":25,"footnotes":""},"class_list":["post-694","page","type-page","status-publish","hentry"],"_links":{"self":[{"href":"https:\/\/apartment-innsbruck.tirol\/en\/wp-json\/wp\/v2\/pages\/694","targetHints":{"allow":["GET"]}}],"collection":[{"href":"https:\/\/apartment-innsbruck.tirol\/en\/wp-json\/wp\/v2\/pages"}],"about":[{"href":"https:\/\/apartment-innsbruck.tirol\/en\/wp-json\/wp\/v2\/types\/page"}],"author":[{"embeddable":true,"href":"https:\/\/apartment-innsbruck.tirol\/en\/wp-json\/wp\/v2\/users\/1"}],"replies":[{"embeddable":true,"href":"https:\/\/apartment-innsbruck.tirol\/en\/wp-json\/wp\/v2\/comments?post=694"}],"version-history":[{"count":25,"href":"https:\/\/apartment-innsbruck.tirol\/en\/wp-json\/wp\/v2\/pages\/694\/revisions"}],"predecessor-version":[{"id":887,"href":"https:\/\/apartment-innsbruck.tirol\/en\/wp-json\/wp\/v2\/pages\/694\/revisions\/887"}],"wp:attachment":[{"href":"https:\/\/apartment-innsbruck.tirol\/en\/wp-json\/wp\/v2\/media?parent=694"}],"curies":[{"name":"wp","href":"https:\/\/api.w.org\/{rel}","templated":true}]}}