{"id":1399,"date":"2023-03-06T12:01:32","date_gmt":"2023-03-06T12:01:32","guid":{"rendered":"https:\/\/hungry-tereshkova.178-20-101-54.plesk.page\/?page_id=1399"},"modified":"2023-04-05T04:47:40","modified_gmt":"2023-04-05T04:47:40","slug":"hausordnung","status":"publish","type":"page","link":"https:\/\/apartment-innsbruck.tirol\/en\/hausordnung\/","title":{"rendered":"Hausordnung"},"content":{"rendered":"\t\t<div data-elementor-type=\"wp-post\" data-elementor-id=\"1399\" class=\"elementor elementor-1399\">\n\t\t\t\t\t\t<section class=\"elementor-section elementor-top-section elementor-element elementor-element-491efe0 elementor-section-height-full elementor-section-boxed elementor-section-height-default elementor-section-items-middle\" data-id=\"491efe0\" data-element_type=\"section\" data-e-type=\"section\" data-settings=\"{&quot;background_background&quot;:&quot;slideshow&quot;,&quot;background_slideshow_gallery&quot;:[{&quot;id&quot;:712,&quot;url&quot;:&quot;https:\\\/\\\/apartment-innsbruck.tirol\\\/wp-content\\\/uploads\\\/2022\\\/10\\\/Andreas-Hofer-Strasse_Innsbruck_Winter13.jpg&quot;}],&quot;background_slideshow_loop&quot;:&quot;yes&quot;,&quot;background_slideshow_slide_duration&quot;:5000,&quot;background_slideshow_slide_transition&quot;:&quot;fade&quot;,&quot;background_slideshow_transition_duration&quot;:500}\">\n\t\t\t\t\t\t<div class=\"elementor-container elementor-column-gap-default\">\n\t\t\t\t\t<div class=\"elementor-column elementor-col-100 elementor-top-column elementor-element elementor-element-e42d209\" data-id=\"e42d209\" data-element_type=\"column\" data-e-type=\"column\">\n\t\t\t<div class=\"elementor-widget-wrap elementor-element-populated\">\n\t\t\t\t\t\t<div class=\"elementor-element elementor-element-79e94c2 elementor-widget elementor-widget-spacer\" data-id=\"79e94c2\" data-element_type=\"widget\" data-e-type=\"widget\" data-widget_type=\"spacer.default\">\n\t\t\t\t<div class=\"elementor-widget-container\">\n\t\t\t\t\t\t\t<div class=\"elementor-spacer\">\n\t\t\t<div class=\"elementor-spacer-inner\"><\/div>\n\t\t<\/div>\n\t\t\t\t\t\t<\/div>\n\t\t\t\t<\/div>\n\t\t\t\t<div class=\"elementor-element elementor-element-935bf67 elementor-widget elementor-widget-heading\" data-id=\"935bf67\" data-element_type=\"widget\" data-e-type=\"widget\" data-widget_type=\"heading.default\">\n\t\t\t\t<div class=\"elementor-widget-container\">\n\t\t\t\t\t<h1 class=\"elementor-heading-title elementor-size-xl\">Hausordnung<\/h1>\t\t\t\t<\/div>\n\t\t\t\t<\/div>\n\t\t\t\t<div class=\"elementor-element elementor-element-8dac8bf elementor-icon-list--layout-inline elementor-align-center elementor-list-item-link-full_width elementor-invisible elementor-widget elementor-widget-icon-list\" data-id=\"8dac8bf\" data-element_type=\"widget\" data-e-type=\"widget\" data-settings=\"{&quot;_animation&quot;:&quot;fadeInUp&quot;,&quot;_animation_delay&quot;:200}\" data-widget_type=\"icon-list.default\">\n\t\t\t\t<div class=\"elementor-widget-container\">\n\t\t\t\t\t\t\t<ul class=\"elementor-icon-list-items elementor-inline-items\">\n\t\t\t\t\t\t\t<li class=\"elementor-icon-list-item elementor-inline-item\">\n\t\t\t\t\t\t\t\t\t\t<span class=\"elementor-icon-list-text\">apartment innsbruck<\/span>\n\t\t\t\t\t\t\t\t\t<\/li>\n\t\t\t\t\t\t<\/ul>\n\t\t\t\t\t\t<\/div>\n\t\t\t\t<\/div>\n\t\t\t\t<div class=\"elementor-element elementor-element-9ee94f0 elementor-widget elementor-widget-spacer\" data-id=\"9ee94f0\" data-element_type=\"widget\" data-e-type=\"widget\" data-widget_type=\"spacer.default\">\n\t\t\t\t<div class=\"elementor-widget-container\">\n\t\t\t\t\t\t\t<div class=\"elementor-spacer\">\n\t\t\t<div class=\"elementor-spacer-inner\"><\/div>\n\t\t<\/div>\n\t\t\t\t\t\t<\/div>\n\t\t\t\t<\/div>\n\t\t\t\t\t<\/div>\n\t\t<\/div>\n\t\t\t\t\t<\/div>\n\t\t<\/section>\n\t\t\t\t<section class=\"elementor-section elementor-top-section elementor-element elementor-element-fdfe23a elementor-reverse-mobile elementor-section-boxed elementor-section-height-default elementor-section-height-default\" data-id=\"fdfe23a\" data-element_type=\"section\" data-e-type=\"section\">\n\t\t\t\t\t\t<div class=\"elementor-container elementor-column-gap-default\">\n\t\t\t\t\t<div class=\"elementor-column elementor-col-100 elementor-top-column elementor-element elementor-element-45799e8\" data-id=\"45799e8\" data-element_type=\"column\" data-e-type=\"column\">\n\t\t\t<div class=\"elementor-widget-wrap elementor-element-populated\">\n\t\t\t\t\t\t<div class=\"elementor-element elementor-element-557f628 elementor-invisible elementor-widget elementor-widget-text-editor\" data-id=\"557f628\" data-element_type=\"widget\" data-e-type=\"widget\" data-settings=\"{&quot;_animation&quot;:&quot;fadeInUp&quot;}\" data-widget_type=\"text-editor.default\">\n\t\t\t\t<div class=\"elementor-widget-container\">\n\t\t\t\t\t\t\t\t\t<p>Damit sich all unsere G\u00e4ste wohlf\u00fchlen, ist es wichtig,<\/p><p>ein paar Regeln einzuhalten.<\/p>\t\t\t\t\t\t\t\t<\/div>\n\t\t\t\t<\/div>\n\t\t\t\t<div class=\"elementor-element elementor-element-adfbe0a elementor-invisible elementor-widget elementor-widget-text-editor\" data-id=\"adfbe0a\" data-element_type=\"widget\" data-e-type=\"widget\" data-settings=\"{&quot;_animation&quot;:&quot;fadeInUp&quot;,&quot;_animation_delay&quot;:400}\" data-widget_type=\"text-editor.default\">\n\t\t\t\t<div class=\"elementor-widget-container\">\n\t\t\t\t\t\t\t\t\t<p>Liebe G\u00e4ste, wir bitten Sie, die nachfolgende Hausordnung aufmerksam durchzulesen.<\/p>\t\t\t\t\t\t\t\t<\/div>\n\t\t\t\t<\/div>\n\t\t\t\t<section class=\"elementor-section elementor-inner-section elementor-element elementor-element-d796e19 elementor-section-boxed elementor-section-height-default elementor-section-height-default\" data-id=\"d796e19\" data-element_type=\"section\" data-e-type=\"section\">\n\t\t\t\t\t\t<div class=\"elementor-container elementor-column-gap-default\">\n\t\t\t\t\t<div class=\"elementor-column elementor-col-50 elementor-inner-column elementor-element elementor-element-8b1f3a0\" data-id=\"8b1f3a0\" data-element_type=\"column\" data-e-type=\"column\">\n\t\t\t<div class=\"elementor-widget-wrap elementor-element-populated\">\n\t\t\t\t\t\t<div class=\"elementor-element elementor-element-ae23fbe elementor-widget elementor-widget-image\" data-id=\"ae23fbe\" data-element_type=\"widget\" data-e-type=\"widget\" data-widget_type=\"image.default\">\n\t\t\t\t<div class=\"elementor-widget-container\">\n\t\t\t\t\t\t\t\t\t\t\t\t\t\t\t<img fetchpriority=\"high\" decoding=\"async\" width=\"800\" height=\"450\" src=\"https:\/\/apartment-innsbruck.tirol\/wp-content\/uploads\/2022\/10\/Andreas-Hofer-Strasse_Top3_Balkon-1024x576.jpg\" class=\"attachment-large size-large wp-image-1106\" alt=\"\" srcset=\"https:\/\/apartment-innsbruck.tirol\/wp-content\/uploads\/2022\/10\/Andreas-Hofer-Strasse_Top3_Balkon-1024x576.jpg 1024w, https:\/\/apartment-innsbruck.tirol\/wp-content\/uploads\/2022\/10\/Andreas-Hofer-Strasse_Top3_Balkon-300x169.jpg 300w, https:\/\/apartment-innsbruck.tirol\/wp-content\/uploads\/2022\/10\/Andreas-Hofer-Strasse_Top3_Balkon-768x432.jpg 768w, https:\/\/apartment-innsbruck.tirol\/wp-content\/uploads\/2022\/10\/Andreas-Hofer-Strasse_Top3_Balkon.jpg 1366w\" sizes=\"(max-width: 800px) 100vw, 800px\" \/>\t\t\t\t\t\t\t\t\t\t\t\t\t\t\t<\/div>\n\t\t\t\t<\/div>\n\t\t\t\t\t<\/div>\n\t\t<\/div>\n\t\t\t\t<div class=\"elementor-column elementor-col-50 elementor-inner-column elementor-element elementor-element-03b5a9d\" data-id=\"03b5a9d\" data-element_type=\"column\" data-e-type=\"column\">\n\t\t\t<div class=\"elementor-widget-wrap elementor-element-populated\">\n\t\t\t\t\t\t<div class=\"elementor-element elementor-element-cdc9765 elementor-invisible elementor-widget elementor-widget-heading\" data-id=\"cdc9765\" data-element_type=\"widget\" data-e-type=\"widget\" data-settings=\"{&quot;_animation&quot;:&quot;fadeInUp&quot;,&quot;_animation_delay&quot;:200}\" data-widget_type=\"heading.default\">\n\t\t\t\t<div class=\"elementor-widget-container\">\n\t\t\t\t\t<h3 class=\"elementor-heading-title elementor-size-medium\">Hausordnung<\/h3>\t\t\t\t<\/div>\n\t\t\t\t<\/div>\n\t\t\t\t<div class=\"elementor-element elementor-element-a2f1801 elementor-invisible elementor-widget elementor-widget-text-editor\" data-id=\"a2f1801\" data-element_type=\"widget\" data-e-type=\"widget\" data-settings=\"{&quot;_animation&quot;:&quot;fadeInUp&quot;,&quot;_animation_delay&quot;:400}\" data-widget_type=\"text-editor.default\">\n\t\t\t\t<div class=\"elementor-widget-container\">\n\t\t\t\t\t\t\t\t\t<ul><li>Haustiere sind nicht erlaubt<\/li><li>Rauchen in den Innenr\u00e4umen nicht gestattet<\/li><li>Mitgebrachte Speisen sind selbst zu entsorgen<\/li><li>bei der Verwendung des Ofens bitte Backpapier auf das Backblech bzw. Gitter legen<\/li><li>Partys und Veranstaltungen sind nicht erlaubt<\/li><li>Bitte halten Sie die Ruhezeiten zwischen 22:00 Uhr und 06:00 Uhr ein<\/li><\/ul>\t\t\t\t\t\t\t\t<\/div>\n\t\t\t\t<\/div>\n\t\t\t\t\t<\/div>\n\t\t<\/div>\n\t\t\t\t\t<\/div>\n\t\t<\/section>\n\t\t\t\t<div class=\"elementor-element elementor-element-c6d46c0 elementor-widget elementor-widget-spacer\" data-id=\"c6d46c0\" data-element_type=\"widget\" data-e-type=\"widget\" data-widget_type=\"spacer.default\">\n\t\t\t\t<div class=\"elementor-widget-container\">\n\t\t\t\t\t\t\t<div class=\"elementor-spacer\">\n\t\t\t<div class=\"elementor-spacer-inner\"><\/div>\n\t\t<\/div>\n\t\t\t\t\t\t<\/div>\n\t\t\t\t<\/div>\n\t\t\t\t<section class=\"elementor-section elementor-inner-section elementor-element elementor-element-06d5732 elementor-section-boxed elementor-section-height-default elementor-section-height-default\" data-id=\"06d5732\" data-element_type=\"section\" data-e-type=\"section\">\n\t\t\t\t\t\t<div class=\"elementor-container elementor-column-gap-default\">\n\t\t\t\t\t<div class=\"elementor-column elementor-col-100 elementor-inner-column elementor-element elementor-element-300195d\" data-id=\"300195d\" data-element_type=\"column\" data-e-type=\"column\">\n\t\t\t<div class=\"elementor-widget-wrap elementor-element-populated\">\n\t\t\t\t\t\t<div class=\"elementor-element elementor-element-f99dd32 elementor-invisible elementor-widget elementor-widget-heading\" data-id=\"f99dd32\" data-element_type=\"widget\" data-e-type=\"widget\" data-settings=\"{&quot;_animation&quot;:&quot;fadeInUp&quot;,&quot;_animation_delay&quot;:200}\" data-widget_type=\"heading.default\">\n\t\t\t\t<div class=\"elementor-widget-container\">\n\t\t\t\t\t<h3 class=\"elementor-heading-title elementor-size-medium\">M\u00fcllentsorgung<\/h3>\t\t\t\t<\/div>\n\t\t\t\t<\/div>\n\t\t\t\t<div class=\"elementor-element elementor-element-be986ae elementor-invisible elementor-widget elementor-widget-text-editor\" data-id=\"be986ae\" data-element_type=\"widget\" data-e-type=\"widget\" data-settings=\"{&quot;_animation&quot;:&quot;fadeInUp&quot;,&quot;_animation_delay&quot;:400}\" data-widget_type=\"text-editor.default\">\n\t\t\t\t<div class=\"elementor-widget-container\">\n\t\t\t\t\t\t\t\t\t<p>Bitte entsorgen Sie den M\u00fcll im Erdgeschoss im Innenhof (Holzt\u00fcr)<\/p>\t\t\t\t\t\t\t\t<\/div>\n\t\t\t\t<\/div>\n\t\t\t\t\t<\/div>\n\t\t<\/div>\n\t\t\t\t\t<\/div>\n\t\t<\/section>\n\t\t\t\t<section class=\"elementor-section elementor-inner-section elementor-element elementor-element-4209334 elementor-section-boxed elementor-section-height-default elementor-section-height-default\" data-id=\"4209334\" data-element_type=\"section\" data-e-type=\"section\">\n\t\t\t\t\t\t<div class=\"elementor-container elementor-column-gap-default\">\n\t\t\t\t\t<div class=\"elementor-column elementor-col-100 elementor-inner-column elementor-element elementor-element-3022b8a\" data-id=\"3022b8a\" data-element_type=\"column\" data-e-type=\"column\">\n\t\t\t<div class=\"elementor-widget-wrap elementor-element-populated\">\n\t\t\t\t\t\t<div class=\"elementor-element elementor-element-69354e3 elementor-invisible elementor-widget elementor-widget-heading\" data-id=\"69354e3\" data-element_type=\"widget\" data-e-type=\"widget\" data-settings=\"{&quot;_animation&quot;:&quot;fadeInUp&quot;,&quot;_animation_delay&quot;:200}\" data-widget_type=\"heading.default\">\n\t\t\t\t<div class=\"elementor-widget-container\">\n\t\t\t\t\t<h3 class=\"elementor-heading-title elementor-size-medium\">Parkm\u00f6glichkeiten<\/h3>\t\t\t\t<\/div>\n\t\t\t\t<\/div>\n\t\t\t\t<div class=\"elementor-element elementor-element-33109cd elementor-invisible elementor-widget elementor-widget-text-editor\" data-id=\"33109cd\" data-element_type=\"widget\" data-e-type=\"widget\" data-settings=\"{&quot;_animation&quot;:&quot;fadeInUp&quot;,&quot;_animation_delay&quot;:400}\" data-widget_type=\"text-editor.default\">\n\t\t\t\t<div class=\"elementor-widget-container\">\n\t\t\t\t\t\t\t\t\t<p>Bitte nutzen Sie die jeweils in der G\u00e4steapp beschriebenen Parkpl\u00e4tze.<\/p>\t\t\t\t\t\t\t\t<\/div>\n\t\t\t\t<\/div>\n\t\t\t\t\t<\/div>\n\t\t<\/div>\n\t\t\t\t\t<\/div>\n\t\t<\/section>\n\t\t\t\t<div class=\"elementor-element elementor-element-694b617 elementor-widget elementor-widget-image\" data-id=\"694b617\" data-element_type=\"widget\" data-e-type=\"widget\" data-widget_type=\"image.default\">\n\t\t\t\t<div class=\"elementor-widget-container\">\n\t\t\t\t\t\t\t\t\t\t\t\t\t\t\t<img decoding=\"async\" width=\"1366\" height=\"768\" src=\"https:\/\/apartment-innsbruck.tirol\/wp-content\/uploads\/2022\/10\/Andreas-Hofer-Strasse_Top8_Detail05.jpg\" class=\"attachment-1536x1536 size-1536x1536 wp-image-1125\" alt=\"\" srcset=\"https:\/\/apartment-innsbruck.tirol\/wp-content\/uploads\/2022\/10\/Andreas-Hofer-Strasse_Top8_Detail05.jpg 1366w, https:\/\/apartment-innsbruck.tirol\/wp-content\/uploads\/2022\/10\/Andreas-Hofer-Strasse_Top8_Detail05-300x169.jpg 300w, https:\/\/apartment-innsbruck.tirol\/wp-content\/uploads\/2022\/10\/Andreas-Hofer-Strasse_Top8_Detail05-1024x576.jpg 1024w, https:\/\/apartment-innsbruck.tirol\/wp-content\/uploads\/2022\/10\/Andreas-Hofer-Strasse_Top8_Detail05-768x432.jpg 768w\" sizes=\"(max-width: 1366px) 100vw, 1366px\" \/>\t\t\t\t\t\t\t\t\t\t\t\t\t\t\t<\/div>\n\t\t\t\t<\/div>\n\t\t\t\t<div class=\"elementor-element elementor-element-aa9711b elementor-invisible elementor-widget elementor-widget-text-editor\" data-id=\"aa9711b\" data-element_type=\"widget\" data-e-type=\"widget\" data-settings=\"{&quot;_animation&quot;:&quot;fadeInUp&quot;,&quot;_animation_delay&quot;:400}\" data-widget_type=\"text-editor.default\">\n\t\t\t\t<div class=\"elementor-widget-container\">\n\t\t\t\t\t\t\t\t\t<p>Haben Sie bitte Verst\u00e4ndnis daf\u00fcr, dass wir uns das Recht vorbehalten, au\u00dferordentliche Verschmutzungen des Apartments, welche unsererseits zus\u00e4tzliche Reinigungskosten verursachen, im Nachhinein in Rechnung stellen.<\/p><p>Sollte etwas defekt oder aus Versehen kaputt gehen (z.B. angeschlagenes Geschirr, Gl\u00e4ser, etc.) bitten wir h\u00f6flich, uns dies bekannt zu geben. Es ist unser Anliegen, dass Sie und unsere n\u00e4chsten G\u00e4ste sich m\u00f6glichst wohlf\u00fchlen. Sicher ist dies f\u00fcr Sie ebenso selbstverst\u00e4ndlich, verursachte Besch\u00e4digungen zum Wiederbeschaffungswert zu ersetzen.<\/p><p>Wir bedanken uns im Vornhinein f\u00fcr die Einhaltung unserer Hausregeln und w\u00fcnschen Ihnen einen angenehmen Aufenthalt in Tirol!<\/p><p><strong>Ihr Team vom Apartment Innsbruck<\/strong><\/p>\t\t\t\t\t\t\t\t<\/div>\n\t\t\t\t<\/div>\n\t\t\t\t\t<\/div>\n\t\t<\/div>\n\t\t\t\t\t<\/div>\n\t\t<\/section>\n\t\t\t\t<\/div>\n\t\t","protected":false},"excerpt":{"rendered":"<p>Hausordnung apartment innsbruck Damit sich all unsere G\u00e4ste wohlf\u00fchlen, ist es wichtig, ein paar Regeln einzuhalten. Liebe G\u00e4ste, wir bitten Sie, die nachfolgende Hausordnung aufmerksam durchzulesen. Hausordnung Haustiere sind nicht erlaubt Rauchen in den Innenr\u00e4umen nicht gestattet Mitgebrachte Speisen sind selbst zu entsorgen bei der Verwendung des Ofens bitte Backpapier auf das Backblech bzw. Gitter [&hellip;]<\/p>\n","protected":false},"author":1,"featured_media":0,"parent":0,"menu_order":0,"comment_status":"closed","ping_status":"closed","template":"","meta":{"iawp_total_views":2,"footnotes":""},"class_list":["post-1399","page","type-page","status-publish","hentry"],"_links":{"self":[{"href":"https:\/\/apartment-innsbruck.tirol\/en\/wp-json\/wp\/v2\/pages\/1399","targetHints":{"allow":["GET"]}}],"collection":[{"href":"https:\/\/apartment-innsbruck.tirol\/en\/wp-json\/wp\/v2\/pages"}],"about":[{"href":"https:\/\/apartment-innsbruck.tirol\/en\/wp-json\/wp\/v2\/types\/page"}],"author":[{"embeddable":true,"href":"https:\/\/apartment-innsbruck.tirol\/en\/wp-json\/wp\/v2\/users\/1"}],"replies":[{"embeddable":true,"href":"https:\/\/apartment-innsbruck.tirol\/en\/wp-json\/wp\/v2\/comments?post=1399"}],"version-history":[{"count":10,"href":"https:\/\/apartment-innsbruck.tirol\/en\/wp-json\/wp\/v2\/pages\/1399\/revisions"}],"predecessor-version":[{"id":1424,"href":"https:\/\/apartment-innsbruck.tirol\/en\/wp-json\/wp\/v2\/pages\/1399\/revisions\/1424"}],"wp:attachment":[{"href":"https:\/\/apartment-innsbruck.tirol\/en\/wp-json\/wp\/v2\/media?parent=1399"}],"curies":[{"name":"wp","href":"https:\/\/api.w.org\/{rel}","templated":true}]}}